{"id":25,"date":"2021-06-13T13:07:19","date_gmt":"2021-06-13T11:07:19","guid":{"rendered":"http:\/\/motion-drawing.com\/de\/?page_id=25"},"modified":"2021-10-13T11:09:53","modified_gmt":"2021-10-13T09:09:53","slug":"info","status":"publish","type":"page","link":"http:\/\/motion-drawing.com\/de\/info\/","title":{"rendered":"Info"},"content":{"rendered":"<div class=\"wpb-content-wrapper\"><p>[vc_row row_type=&#8220;row&#8220; use_row_as_full_screen_section=&#8220;no&#8220; type=&#8220;full_width&#8220; text_align=&#8220;left&#8220; background_animation=&#8220;none&#8220; css_animation=&#8220;&#8220;][vc_column width=&#8220;1\/3&#8243;][vc_single_image image=&#8220;21&#8243; img_size=&#8220;full&#8220; qode_css_animation=&#8220;&#8220;][vc_empty_space height=&#8220;20px&#8220;][\/vc_column][vc_column width=&#8220;2\/3&#8243;][vc_column_text]<\/p>\n<h2>\u00fcber motion-drawing<\/h2>\n<p>&nbsp;<\/p>\n<p>Auf diesem Blog werden gezeichnete Autorenfilme vorgestellt, die die bewegte Zeichnung als Experimentierfeld bildk\u00fcnstlerischen Ausdrucks verstehen. Mittels Interviews und kurzen Aufs\u00e4tzen werden Aspekte wie k\u00fcnstlerische Aneignungsprozesse sequenziellen Film-Zeichnens n\u00e4her betrachtet und das sich daraus ergebende Potenzial f\u00fcr die Dramaturgie eines Animationsfilms untersucht.<\/p>\n<p>&nbsp;<\/p>\n<p>Aline Helmcke ist K\u00fcnstlerin und Filmemacherin mit den Schwerpunkten Zeichnung, Animation und Collage. Sie hat einen Abschluss in Bildender Kunst der Universit\u00e4t der K\u00fcnste Berlin sowie einen Master in Animation des Royal College of Art, London.<\/p>\n<p>&nbsp;<\/p>\n<p><a href=\"https:\/\/www.ahelmcke.com\" target=\"_blank\" rel=\"noopener\">www.ahelmcke.com<\/a>[\/vc_column_text][vc_empty_space height=&#8220;36px&#8220;][vc_column_text]Unterst\u00fctzt durch:[\/vc_column_text][vc_empty_space height=&#8220;10px&#8220;][vc_column_text]<a href=\"https:\/\/www.bundesregierung.de\/breg-de\/bundesregierung\/staatsministerin-fuer-kultur-und-medien\/rettungsprogramm-wird-ausgebaut-1850938\" target=\"_blank\" rel=\"noopener\"><img loading=\"lazy\" decoding=\"async\" class=\"alignnone wp-image-74\" src=\"http:\/\/motion-drawing.com\/wp-content\/uploads\/2021\/05\/BKM_Neustart_Kultur-1-300x293.jpg\" alt=\"\" width=\"82\" height=\"80\" \/><\/a>\u00a0 \u00a0\u00a0<a href=\"https:\/\/www.kuenstlerbund.de\/english\/home.html\" target=\"_blank\" rel=\"noopener\"><img loading=\"lazy\" decoding=\"async\" class=\"alignnone wp-image-66\" src=\"http:\/\/motion-drawing.com\/wp-content\/uploads\/2021\/05\/dkb_logo-300x102.jpg\" alt=\"\" width=\"236\" height=\"80\" \/><\/a>[\/vc_column_text][vc_empty_space height=&#8220;40px&#8220;][\/vc_column][\/vc_row]<\/p>\n<\/div>","protected":false},"excerpt":{"rendered":"<p>[vc_row row_type=&#8220;row&#8220; use_row_as_full_screen_section=&#8220;no&#8220; type=&#8220;full_width&#8220; text_align=&#8220;left&#8220; background_animation=&#8220;none&#8220; css_animation=&#8220;&#8220;][vc_column width=&#8220;1\/3&#8243;][vc_single_image image=&#8220;21&#8243; img_size=&#8220;full&#8220; qode_css_animation=&#8220;&#8220;][vc_empty_space height=&#8220;20px&#8220;][\/vc_column][vc_column width=&#8220;2\/3&#8243;][vc_column_text] \u00fcber motion-drawing &nbsp; Auf diesem Blog werden gezeichnete Autorenfilme vorgestellt, die die bewegte Zeichnung als Experimentierfeld bildk\u00fcnstlerischen Ausdrucks verstehen. Mittels Interviews und kurzen Aufs\u00e4tzen werden Aspekte wie k\u00fcnstlerische Aneignungsprozesse sequenziellen Film-Zeichnens n\u00e4her&#8230;<\/p>\n","protected":false},"author":2,"featured_media":0,"parent":0,"menu_order":0,"comment_status":"closed","ping_status":"closed","template":"","meta":{"footnotes":""},"class_list":["post-25","page","type-page","status-publish","hentry"],"_links":{"self":[{"href":"http:\/\/motion-drawing.com\/de\/wp-json\/wp\/v2\/pages\/25","targetHints":{"allow":["GET"]}}],"collection":[{"href":"http:\/\/motion-drawing.com\/de\/wp-json\/wp\/v2\/pages"}],"about":[{"href":"http:\/\/motion-drawing.com\/de\/wp-json\/wp\/v2\/types\/page"}],"author":[{"embeddable":true,"href":"http:\/\/motion-drawing.com\/de\/wp-json\/wp\/v2\/users\/2"}],"replies":[{"embeddable":true,"href":"http:\/\/motion-drawing.com\/de\/wp-json\/wp\/v2\/comments?post=25"}],"version-history":[{"count":8,"href":"http:\/\/motion-drawing.com\/de\/wp-json\/wp\/v2\/pages\/25\/revisions"}],"predecessor-version":[{"id":123,"href":"http:\/\/motion-drawing.com\/de\/wp-json\/wp\/v2\/pages\/25\/revisions\/123"}],"wp:attachment":[{"href":"http:\/\/motion-drawing.com\/de\/wp-json\/wp\/v2\/media?parent=25"}],"curies":[{"name":"wp","href":"https:\/\/api.w.org\/{rel}","templated":true}]}}