{"id":2,"date":"2021-05-30T12:12:19","date_gmt":"2021-05-30T10:12:19","guid":{"rendered":"http:\/\/motion-drawing.com\/de\/?page_id=2"},"modified":"2025-05-18T15:11:15","modified_gmt":"2025-05-18T13:11:15","slug":"start","status":"publish","type":"page","link":"http:\/\/motion-drawing.com\/de\/","title":{"rendered":"Start"},"content":{"rendered":"<div class=\"wpb-content-wrapper\"><p>[vc_row row_type=&#8220;row&#8220; use_row_as_full_screen_section=&#8220;no&#8220; type=&#8220;full_width&#8220; text_align=&#8220;left&#8220; background_animation=&#8220;none&#8220; css_animation=&#8220;&#8220;][vc_column width=&#8220;1\/3&#8243;][vc_empty_space height=&#8220;6px&#8220;][vc_single_image image=&#8220;288&#8243; img_size=&#8220;full&#8220; onclick=&#8220;custom_link&#8220; img_link_target=&#8220;_blank&#8220; css=&#8220;&#8220; qode_css_animation=&#8220;&#8220; link=&#8220;https:\/\/tmp.gallery\/24-25-2-23-lines-fiction-zeichnung-in-bewegung\/&#8220;][vc_empty_space height=&#8220;20px&#8220;][\/vc_column][vc_column width=&#8220;2\/3&#8243;][vc_column_text]<\/p>\n<h1>motion-drawing<\/h1>\n<h2>Ein k\u00fcnstlerisches Forschungsprojekt \u00fcber den Schaffensprozess im gezeichneten Autorenfilm<\/h2>\n<p>&nbsp;<\/p>\n<p>Das Zeichnen als k\u00fcnstlerische Ausdrucksform ist denkbar simpel: Zeichenimpuls, Zeichenbewegung und -spur sind eng aufeinander bezogen. Der Zeichnende \u00fcbertr\u00e4gt seine Bewegungen direkt auf den Zeichengrund, und in den Lineamenten manifestiert sich die Dynamik dieses Prozesses. Dem scheint die animierte, bewegte Zeichnung als spontane Ausdrucksform in vielerlei Hinsicht entgegenzustehen. F\u00fcr die Erzeugung der Illusion eines kontinuierlichen Bewegungsflusses ist \u2013 abgesehen von den filmtechnologischen Voraussetzungen \u2013 ein systematisches, \u00fcberlegtes Vorgehen die Regel. Die Linienf\u00fchrung erfolgt kontrolliert und bezogen auf ihre Erscheinung im raum-zeitlichen Kontinuum.<\/p>\n<p>&nbsp;<\/p>\n<p>Seit der Erfindung des Zeichentrickfilms haben sich Konventionen der Darstellung im Zeichentrick etabliert, die den arbeitsteiligen Produktionsprozess eines Zeichentrickfilms strukturieren und unsere Seherfahrungen und damit unsere Erwartungen an die Form- und Bewegungsgestaltung eines animierten Bewegt-Bildes ma\u00dfgeblich pr\u00e4gen. Jenseits der kommerziellen Filmproduktion findet sich jedoch eine Vielzahl k\u00fcnstlerischer Ans\u00e4tze, die der Logik des jeweiligen Zeichenprozesses folgend individuelle Strategien des Film-Zeichnens entwickeln.[\/vc_column_text][vc_empty_space height=&#8220;40px&#8220;][\/vc_column][\/vc_row]<\/p>\n<\/div>","protected":false},"excerpt":{"rendered":"<p>[vc_row row_type=&#8220;row&#8220; use_row_as_full_screen_section=&#8220;no&#8220; type=&#8220;full_width&#8220; text_align=&#8220;left&#8220; background_animation=&#8220;none&#8220; css_animation=&#8220;&#8220;][vc_column width=&#8220;1\/3&#8243;][vc_empty_space height=&#8220;6px&#8220;][vc_single_image image=&#8220;288&#8243; img_size=&#8220;full&#8220; onclick=&#8220;custom_link&#8220; img_link_target=&#8220;_blank&#8220; css=&#8220;&#8220; qode_css_animation=&#8220;&#8220; link=&#8220;https:\/\/tmp.gallery\/24-25-2-23-lines-fiction-zeichnung-in-bewegung\/&#8220;][vc_empty_space height=&#8220;20px&#8220;][\/vc_column][vc_column width=&#8220;2\/3&#8243;][vc_column_text] motion-drawing Ein k\u00fcnstlerisches Forschungsprojekt \u00fcber den Schaffensprozess im gezeichneten Autorenfilm &nbsp; Das Zeichnen als k\u00fcnstlerische Ausdrucksform ist denkbar simpel: Zeichenimpuls, Zeichenbewegung und -spur sind eng aufeinander bezogen&#8230;.<\/p>\n","protected":false},"author":2,"featured_media":0,"parent":0,"menu_order":0,"comment_status":"closed","ping_status":"closed","template":"","meta":{"footnotes":""},"class_list":["post-2","page","type-page","status-publish","hentry"],"_links":{"self":[{"href":"http:\/\/motion-drawing.com\/de\/wp-json\/wp\/v2\/pages\/2","targetHints":{"allow":["GET"]}}],"collection":[{"href":"http:\/\/motion-drawing.com\/de\/wp-json\/wp\/v2\/pages"}],"about":[{"href":"http:\/\/motion-drawing.com\/de\/wp-json\/wp\/v2\/types\/page"}],"author":[{"embeddable":true,"href":"http:\/\/motion-drawing.com\/de\/wp-json\/wp\/v2\/users\/2"}],"replies":[{"embeddable":true,"href":"http:\/\/motion-drawing.com\/de\/wp-json\/wp\/v2\/comments?post=2"}],"version-history":[{"count":37,"href":"http:\/\/motion-drawing.com\/de\/wp-json\/wp\/v2\/pages\/2\/revisions"}],"predecessor-version":[{"id":293,"href":"http:\/\/motion-drawing.com\/de\/wp-json\/wp\/v2\/pages\/2\/revisions\/293"}],"wp:attachment":[{"href":"http:\/\/motion-drawing.com\/de\/wp-json\/wp\/v2\/media?parent=2"}],"curies":[{"name":"wp","href":"https:\/\/api.w.org\/{rel}","templated":true}]}}