{"id":12,"date":"2021-06-13T12:50:44","date_gmt":"2021-06-13T10:50:44","guid":{"rendered":"http:\/\/motion-drawing.com\/de\/?page_id=12"},"modified":"2025-05-18T15:11:42","modified_gmt":"2025-05-18T13:11:42","slug":"events","status":"publish","type":"page","link":"http:\/\/motion-drawing.com\/de\/events\/","title":{"rendered":"Events"},"content":{"rendered":"<div class=\"wpb-content-wrapper\"><p>[vc_row row_type=&#8220;row&#8220; use_row_as_full_screen_section=&#8220;no&#8220; type=&#8220;full_width&#8220; text_align=&#8220;left&#8220; background_animation=&#8220;none&#8220; css_animation=&#8220;&#8220;][vc_column width=&#8220;1\/3&#8243;][vc_single_image image=&#8220;288&#8243; img_size=&#8220;full&#8220; onclick=&#8220;custom_link&#8220; img_link_target=&#8220;_blank&#8220; css=&#8220;&#8220; qode_css_animation=&#8220;&#8220; link=&#8220;https:\/\/tmp.gallery\/24-25-2-23-lines-fiction-zeichnung-in-bewegung\/&#8220;][vc_empty_space height=&#8220;40px&#8220;][\/vc_column][vc_column width=&#8220;2\/3&#8243;][vc_column_text]<\/p>\n<h2>Zeichnung in Bewegung<\/h2>\n<p>zwei Abende animierter Zeichnung<br \/>\npr\u00e4sentiert von lines.fiction &amp; motion-drawing<br \/>\nFilmgespr\u00e4ch und Pr\u00e4sentation Matthias Beckmann<br \/>\ntmp, Minden (D)<br \/>\n24. \u2013 25. Februar 2023<br \/>\n<a href=\"https:\/\/tmp.gallery\/24-25-2-23-lines-fiction-zeichnung-in-bewegung\/\" target=\"_blank\" rel=\"noopener\">tmp.gallery<\/a>[\/vc_column_text][vc_empty_space height=&#8220;40px&#8220;][vc_column_text]<\/p>\n<h2>Dimensions of Animation<\/h2>\n<p>CAGA 2020: 6. Konferenz der AG Animation<br \/>\nHSLU Luzern (CH)<br \/>\n10. \u2013 12. November 2022<br \/>\n<a href=\"https:\/\/blog.hslu.ch\/dimensionsofanimation\/programme\/\" target=\"_blank\" rel=\"noopener\">blog.hslu.ch\/programme<\/a>[\/vc_column_text][vc_empty_space height=&#8220;40px&#8220;][vc_column_text]<\/p>\n<h2>Zeichnung in Bewegung<\/h2>\n<p>Kurzfilmprogramm<br \/>\nkuratiert von Aline Helmcke<br \/>\ncine k Oldenburg<br \/>\neine Veranstaltung des Horst-Janssen-Museums Oldenburg<br \/>\n25. September 2022, 15h<br \/>\n<a href=\"http:\/\/ag-animation.de\/2022\/05\/caga2022-6th-conference-of-ag-animation-dimensions-of-animation-november-10-12-2022-at-lucerne-university-of-applied-sciences-and-arts\/\" target=\"_blank\" rel=\"noopener\">www.cine-k.de<\/a>[\/vc_column_text][vc_empty_space height=&#8220;40px&#8220;][vc_column_text]<\/p>\n<h2>William Kentridge<\/h2>\n<p>Royal Academy of Arts, London (UK)<br \/>\n24. September &#8211; 11. Dezember 2022<br \/>\n<a href=\"https:\/\/www.royalacademy.org.uk\/exhibition\/william-kentridge\" target=\"_blank\" rel=\"noopener\">www.royalacademy.org.uk<\/a>[\/vc_column_text][vc_empty_space height=&#8220;40px&#8220;][vc_column_text]<\/p>\n<h2>Lines Fiction \u2013 Zeichnung und Animation<\/h2>\n<p>kuratiert von Bettina Munk<br \/>\nGalerie im K\u00f6rnerpark, Berlin (D)<br \/>\n18. Juli \u2013 24. August 2022<br \/>\n<a href=\"https:\/\/galerie-im-koernerpark.de\/de\/ausstellungen\/lines-fiction\">www.galerie-im-koernerpark.de<\/a><\/p>\n<p>&nbsp;<\/p>\n<h2>\u00dcber die Zeichnung hinaus<\/h2>\n<p>Zeitgen\u00f6ssische Zeichnung in Berlin<br \/>\nZentrum f\u00fcr Aktuelle Kunst, Galerie OG, Zitadelle Spandau Berlin (D)<br \/>\n07.Mai \u2013 21. August 2022<br \/>\n<a href=\"https:\/\/www.zitadelle-berlin.de\/ueber-die-zeichnung-hinaus\/\">www.zitadelle-berlin.de<\/a><\/p>\n<p>&nbsp;<\/p>\n<h2>Janssen ANIMIERT<br \/>\n5 Positionen 5 Filme<\/h2>\n<p>Arbeiten von Matthias Beckmann, Aline Helmcke,\u00a0Petra Lottje, Bettina Munk, Norbert Trummer<br \/>\nHorst-Janssen-Museum Oldenburg (D)<br \/>\n15. Oktober 2021 &#8211; 16. Januar 2022<br \/>\n<a href=\"https:\/\/www.horst-janssen-museum.de\/ausstellungen\/\" target=\"_blank\" rel=\"noopener\">www.horst-janssen-museum.de<\/a><\/p>\n<p>&nbsp;<\/p>\n<h2>Kara Walker:<br \/>\nA Black Hole is Everything a Star Longs to Be<\/h2>\n<p>Kunstmuseum Basel (CH)<br \/>\n5. Juni \u2013 29. September 2021<br \/>\n<a href=\"https:\/\/kunstmuseumbasel.ch\/de\/exhibitions\/2021\/kara-walker\" target=\"_blank\" rel=\"noopener\">www.kunstmuseumbasel.ch<\/a><\/p>\n<p>&nbsp;<\/p>\n<h2>SAS conference \u201dAnimate Energies\u201c<\/h2>\n<p>Online-Konferenz<br \/>\nTulane University (US)<br \/>\n14. \u2013 18. Juni 2021<\/p>\n<p>&nbsp;<\/p>\n<h2>Transversal Entanglement &#8211; Artistic Research in Film<\/h2>\n<p>Online-Konferenz<br \/>\nIKF, Filmuniversit\u00e4t Babelsberg Konrad Wolf (D)<br \/>\n3. \u2013 5. Juni 2021<br \/>\n<a href=\"https:\/\/artistic-research-in-film-conference2021.filmuniversitaet.de\" target=\"_blank\" rel=\"noopener\">www.artistic-research-in-film-conference2021.filmuniversitaet.de<\/a><\/p>\n<p>&nbsp;<\/p>\n<h2>Crafting Animated Worlds<\/h2>\n<p>Online-Diskussion<br \/>\nUniversit\u00e4t Groningen (NL)<br \/>\n25. Mai 2021, 17\u201319h<br \/>\n<a href=\"https:\/\/m.facebook.com\/events\/929533134557711\" target=\"_blank\" rel=\"noopener\">m.facebook.com<\/a>[\/vc_column_text][vc_empty_space height=&#8220;40px&#8220;][\/vc_column][\/vc_row]<\/p>\n<\/div>","protected":false},"excerpt":{"rendered":"<p>[vc_row row_type=&#8220;row&#8220; use_row_as_full_screen_section=&#8220;no&#8220; type=&#8220;full_width&#8220; text_align=&#8220;left&#8220; background_animation=&#8220;none&#8220; css_animation=&#8220;&#8220;][vc_column width=&#8220;1\/3&#8243;][vc_single_image image=&#8220;288&#8243; img_size=&#8220;full&#8220; onclick=&#8220;custom_link&#8220; img_link_target=&#8220;_blank&#8220; css=&#8220;&#8220; qode_css_animation=&#8220;&#8220; link=&#8220;https:\/\/tmp.gallery\/24-25-2-23-lines-fiction-zeichnung-in-bewegung\/&#8220;][vc_empty_space height=&#8220;40px&#8220;][\/vc_column][vc_column width=&#8220;2\/3&#8243;][vc_column_text] Zeichnung in Bewegung zwei Abende animierter Zeichnung pr\u00e4sentiert von lines.fiction &amp; motion-drawing Filmgespr\u00e4ch und Pr\u00e4sentation Matthias Beckmann tmp, Minden (D) 24. \u2013 25. Februar 2023 tmp.gallery[\/vc_column_text][vc_empty_space height=&#8220;40px&#8220;][vc_column_text] Dimensions&#8230;<\/p>\n","protected":false},"author":2,"featured_media":0,"parent":0,"menu_order":0,"comment_status":"closed","ping_status":"closed","template":"","meta":{"footnotes":""},"class_list":["post-12","page","type-page","status-publish","hentry"],"_links":{"self":[{"href":"http:\/\/motion-drawing.com\/de\/wp-json\/wp\/v2\/pages\/12","targetHints":{"allow":["GET"]}}],"collection":[{"href":"http:\/\/motion-drawing.com\/de\/wp-json\/wp\/v2\/pages"}],"about":[{"href":"http:\/\/motion-drawing.com\/de\/wp-json\/wp\/v2\/types\/page"}],"author":[{"embeddable":true,"href":"http:\/\/motion-drawing.com\/de\/wp-json\/wp\/v2\/users\/2"}],"replies":[{"embeddable":true,"href":"http:\/\/motion-drawing.com\/de\/wp-json\/wp\/v2\/comments?post=12"}],"version-history":[{"count":46,"href":"http:\/\/motion-drawing.com\/de\/wp-json\/wp\/v2\/pages\/12\/revisions"}],"predecessor-version":[{"id":294,"href":"http:\/\/motion-drawing.com\/de\/wp-json\/wp\/v2\/pages\/12\/revisions\/294"}],"wp:attachment":[{"href":"http:\/\/motion-drawing.com\/de\/wp-json\/wp\/v2\/media?parent=12"}],"curies":[{"name":"wp","href":"https:\/\/api.w.org\/{rel}","templated":true}]}}