{"id":103,"date":"2021-09-29T14:22:41","date_gmt":"2021-09-29T12:22:41","guid":{"rendered":"http:\/\/motion-drawing.com\/de\/?page_id=103"},"modified":"2021-10-13T21:42:48","modified_gmt":"2021-10-13T19:42:48","slug":"interviews","status":"publish","type":"page","link":"http:\/\/motion-drawing.com\/de\/interviews\/","title":{"rendered":"interviews"},"content":{"rendered":"<div class=\"wpb-content-wrapper\"><p>[vc_row row_type=&#8220;row&#8220; use_row_as_full_screen_section=&#8220;no&#8220; type=&#8220;full_width&#8220; text_align=&#8220;left&#8220; background_animation=&#8220;none&#8220; css_animation=&#8220;&#8220;][vc_column]<div class='latest_post_holder boxes three_columns two_rows'><ul><li class=\"clearfix\"><div class=\"boxes_image\"><a href=\"http:\/\/motion-drawing.com\/de\/interview-tim-romanowsky\/\"><img loading=\"lazy\" decoding=\"async\" width=\"550\" height=\"498\" src=\"http:\/\/motion-drawing.com\/de\/wp-content\/uploads\/sites\/2\/2021\/10\/tim-romanowksy-interview-pic01-550x498.jpg\" class=\"attachment-portfolio-default size-portfolio-default wp-post-image\" alt=\"tim-romanowksy-interview-pic01\" srcset=\"http:\/\/motion-drawing.com\/de\/wp-content\/uploads\/sites\/2\/2021\/10\/tim-romanowksy-interview-pic01-550x498.jpg 550w, http:\/\/motion-drawing.com\/de\/wp-content\/uploads\/sites\/2\/2021\/10\/tim-romanowksy-interview-pic01-480x434.jpg 480w, http:\/\/motion-drawing.com\/de\/wp-content\/uploads\/sites\/2\/2021\/10\/tim-romanowksy-interview-pic01-125x112.jpg 125w\" sizes=\"auto, (max-width: 550px) 100vw, 550px\" \/><span class=\"latest_post_overlay\"><i class=\"icon_plus\" aria-hidden=\"true\"><\/i><\/span><\/a><\/div><div class=\"latest_post\" style='background-color: #dddddd;'><div class=\"latest_post_text\"><div class=\"latest_post_categories post_info_section\"><a href=\"http:\/\/motion-drawing.com\/de\/category\/interviews\/\">interviews <\/a> <\/div><h2 class=\"latest_post_title \"><a href=\"http:\/\/motion-drawing.com\/de\/interview-tim-romanowsky\/\">Tim Romanowsky<\/a><\/h2><p class=\"excerpt\">Wenn ich meine Zeichenb\u00fccher durchgehe, entdecke ich Ideen f\u00fcr Kompositionen, eine Reihe f\u00fcr eine Publikation oder eb...<\/p><\/div><\/div><\/li><li class=\"clearfix\"><div class=\"boxes_image\"><a href=\"http:\/\/motion-drawing.com\/de\/interview-matthias-beckmann\/\"><img loading=\"lazy\" decoding=\"async\" width=\"550\" height=\"498\" src=\"http:\/\/motion-drawing.com\/de\/wp-content\/uploads\/sites\/2\/2021\/10\/Matthias-Beckmann-Interview-Im-Kubin-Haus-Foto-Karl-Bernauer-pic01-quad-550x498.jpg\" class=\"attachment-portfolio-default size-portfolio-default wp-post-image\" alt=\"Matthias-Beckmann-Interview-Im-Kubin-Haus-Foto-Karl-Bernauer-pic01-quad\" srcset=\"http:\/\/motion-drawing.com\/de\/wp-content\/uploads\/sites\/2\/2021\/10\/Matthias-Beckmann-Interview-Im-Kubin-Haus-Foto-Karl-Bernauer-pic01-quad-550x498.jpg 550w, http:\/\/motion-drawing.com\/de\/wp-content\/uploads\/sites\/2\/2021\/10\/Matthias-Beckmann-Interview-Im-Kubin-Haus-Foto-Karl-Bernauer-pic01-quad-480x434.jpg 480w, http:\/\/motion-drawing.com\/de\/wp-content\/uploads\/sites\/2\/2021\/10\/Matthias-Beckmann-Interview-Im-Kubin-Haus-Foto-Karl-Bernauer-pic01-quad-125x112.jpg 125w\" sizes=\"auto, (max-width: 550px) 100vw, 550px\" \/><span class=\"latest_post_overlay\"><i class=\"icon_plus\" aria-hidden=\"true\"><\/i><\/span><\/a><\/div><div class=\"latest_post\" style='background-color: #dddddd;'><div class=\"latest_post_text\"><div class=\"latest_post_categories post_info_section\"><a href=\"http:\/\/motion-drawing.com\/de\/category\/interviews\/\">interviews <\/a> <\/div><h2 class=\"latest_post_title \"><a href=\"http:\/\/motion-drawing.com\/de\/interview-matthias-beckmann\/\">Matthias Beckmann<\/a><\/h2><p class=\"excerpt\">Weil ich ja gerne vor Ort arbeite, war das immer irgendwie klar, dass ich die Zeichnung als Mittel des Ausdrucks w\u00e4hle....<\/p><\/div><\/div><\/li><li class=\"clearfix\"><div class=\"boxes_image\"><a href=\"http:\/\/motion-drawing.com\/de\/interview-peter-millard\/\"><img loading=\"lazy\" decoding=\"async\" width=\"550\" height=\"498\" src=\"http:\/\/motion-drawing.com\/de\/wp-content\/uploads\/sites\/2\/2022\/08\/peter-millard-bio-portrait-550x498.jpg\" class=\"attachment-portfolio-default size-portfolio-default wp-post-image\" alt=\"peter-millard-bio-portrait\" srcset=\"http:\/\/motion-drawing.com\/de\/wp-content\/uploads\/sites\/2\/2022\/08\/peter-millard-bio-portrait-550x498.jpg 550w, http:\/\/motion-drawing.com\/de\/wp-content\/uploads\/sites\/2\/2022\/08\/peter-millard-bio-portrait-480x434.jpg 480w, http:\/\/motion-drawing.com\/de\/wp-content\/uploads\/sites\/2\/2022\/08\/peter-millard-bio-portrait-125x112.jpg 125w\" sizes=\"auto, (max-width: 550px) 100vw, 550px\" \/><span class=\"latest_post_overlay\"><i class=\"icon_plus\" aria-hidden=\"true\"><\/i><\/span><\/a><\/div><div class=\"latest_post\" style='background-color: #dddddd;'><div class=\"latest_post_text\"><div class=\"latest_post_categories post_info_section\"><a href=\"http:\/\/motion-drawing.com\/de\/category\/interviews\/\">interviews <\/a> <\/div><h2 class=\"latest_post_title \"><a href=\"http:\/\/motion-drawing.com\/de\/interview-peter-millard\/\">Peter Millard<\/a><\/h2><p class=\"excerpt\">Wenn ich zeichne ist alles was ich denke: \u00bbIch will das in Bewegung sehen\u00ab. Oft denke ich das auch \u00fcber Malereien, di...<\/p><\/div><\/div><\/li><\/ul><\/div>[\/vc_column][\/vc_row]<\/p>\n<\/div>","protected":false},"excerpt":{"rendered":"<p>[vc_row row_type=&#8220;row&#8220; use_row_as_full_screen_section=&#8220;no&#8220; type=&#8220;full_width&#8220; text_align=&#8220;left&#8220; background_animation=&#8220;none&#8220; css_animation=&#8220;&#8220;][vc_column][\/vc_column][\/vc_row]<\/p>\n","protected":false},"author":1,"featured_media":0,"parent":0,"menu_order":0,"comment_status":"closed","ping_status":"closed","template":"","meta":{"footnotes":""},"class_list":["post-103","page","type-page","status-publish","hentry"],"_links":{"self":[{"href":"http:\/\/motion-drawing.com\/de\/wp-json\/wp\/v2\/pages\/103","targetHints":{"allow":["GET"]}}],"collection":[{"href":"http:\/\/motion-drawing.com\/de\/wp-json\/wp\/v2\/pages"}],"about":[{"href":"http:\/\/motion-drawing.com\/de\/wp-json\/wp\/v2\/types\/page"}],"author":[{"embeddable":true,"href":"http:\/\/motion-drawing.com\/de\/wp-json\/wp\/v2\/users\/1"}],"replies":[{"embeddable":true,"href":"http:\/\/motion-drawing.com\/de\/wp-json\/wp\/v2\/comments?post=103"}],"version-history":[{"count":3,"href":"http:\/\/motion-drawing.com\/de\/wp-json\/wp\/v2\/pages\/103\/revisions"}],"predecessor-version":[{"id":132,"href":"http:\/\/motion-drawing.com\/de\/wp-json\/wp\/v2\/pages\/103\/revisions\/132"}],"wp:attachment":[{"href":"http:\/\/motion-drawing.com\/de\/wp-json\/wp\/v2\/media?parent=103"}],"curies":[{"name":"wp","href":"https:\/\/api.w.org\/{rel}","templated":true}]}}